{"id":10915,"date":"2019-12-14T09:29:29","date_gmt":"2019-12-14T08:29:29","guid":{"rendered":"http:\/\/paper-point.de\/?page_id=10915"},"modified":"2023-07-02T16:52:21","modified_gmt":"2023-07-02T14:52:21","slug":"candy-bar","status":"publish","type":"page","link":"https:\/\/paper-point.de\/?page_id=10915","title":{"rendered":"Vermietung Candy-Bar"},"content":{"rendered":"<p>Wie w\u00e4re es mit einem s\u00fc\u00dfen Leckereien-Buffet als Highlight f\u00fcr die n\u00e4chste Party oder Veranstaltung?<\/p>\n<p>Hochzeit, Geburtstag, Sommerparty, Babyparty, Messestand&#8230; Gelegenheiten gibt es viele&#8230;<\/p>\n<p>Alles f\u00fcr eine Candy-Bar findest Du hier im Verleih (Anfrage-Formular am Ende der Seite):<\/p>\n<p><a href=\"https:\/\/i0.wp.com\/test.paper-point.de\/wp-content\/uploads\/2019\/07\/ezy-watermark_23-07-2019_14-36-57.jpg\" target=\"_blank\" rel=\"noopener\"><img data-recalc-dims=\"1\" loading=\"lazy\" decoding=\"async\" class=\"alignleft wp-image-11660 size-medium\" src=\"https:\/\/i0.wp.com\/test.paper-point.de\/wp-content\/uploads\/2019\/07\/ezy-watermark_23-07-2019_14-36-57.jpg?resize=178%2C300\" alt=\"\" width=\"178\" height=\"300\" srcset=\"https:\/\/i0.wp.com\/paper-point.de\/wp-content\/uploads\/2019\/07\/ezy-watermark_23-07-2019_14-36-57.jpg?w=948&amp;ssl=1 948w, https:\/\/i0.wp.com\/paper-point.de\/wp-content\/uploads\/2019\/07\/ezy-watermark_23-07-2019_14-36-57.jpg?resize=600%2C1012&amp;ssl=1 600w, https:\/\/i0.wp.com\/paper-point.de\/wp-content\/uploads\/2019\/07\/ezy-watermark_23-07-2019_14-36-57.jpg?resize=178%2C300&amp;ssl=1 178w, https:\/\/i0.wp.com\/paper-point.de\/wp-content\/uploads\/2019\/07\/ezy-watermark_23-07-2019_14-36-57.jpg?resize=607%2C1024&amp;ssl=1 607w, https:\/\/i0.wp.com\/paper-point.de\/wp-content\/uploads\/2019\/07\/ezy-watermark_23-07-2019_14-36-57.jpg?resize=768%2C1295&amp;ssl=1 768w, https:\/\/i0.wp.com\/paper-point.de\/wp-content\/uploads\/2019\/07\/ezy-watermark_23-07-2019_14-36-57.jpg?resize=911%2C1536&amp;ssl=1 911w, https:\/\/i0.wp.com\/paper-point.de\/wp-content\/uploads\/2019\/07\/ezy-watermark_23-07-2019_14-36-57.jpg?resize=619%2C1044&amp;ssl=1 619w\" sizes=\"auto, (max-width: 178px) 100vw, 178px\" \/><\/a><\/p>\n<p><strong><u>Miete Candy-Bar:<\/u><\/strong><\/p>\n<p>Mietkosten (ohne Dekoration): 50,- \u20ac \/ pro Veranstaltung bei Selbstabholung und Selbstaufbau<br \/>\n(Aufbau, Veranstaltung, Abbau &#8211; max. 3 Tage)<\/p>\n<p>Jeder weitere Miettag: 25,- \u20ac<\/p>\n<p>Lieferung und \/ oder Abholung: 0,50 \u20ac je Fahrtkilometer (Hin- und R\u00fcckfahrt)<\/p>\n<p>Aufbau oder Abbau: je 10,- \u20ac<\/p>\n<p><strong>Die Candy-Bar kann leider nicht verschickt werden!<br \/>\nAbholung in 64390 Erzhausen oder Anlieferung!<\/strong><\/p>\n<p><strong><u>Weitere Informationen:<\/u><\/strong><\/p>\n<p>Die Candy-Bar besteht aus 8 wei\u00dfen Holz-Teilen, die einfach transportiert und zusammengesteckt werden k\u00f6nnen. Sie ben\u00f6tigt eine Stellfl\u00e4che von 120 x 40 cm. Die Ablagefl\u00e4che ist in ca. 85 cm H\u00f6he, die Stangen f\u00fcr die Girlande oder weitere Deko haben eine H\u00f6he von 2 Meter. An der Unterseite der Candy-Bar sind Filzf\u00fc\u00dfe angebracht, damit kein Boden besch\u00e4digt wird.<\/p>\n<p>Dekorationsbeispiele (anklicken zum Vergr\u00f6\u00dfern, weitere Beispiele folgen):<\/p>\n<div id=\"attachment_11809\" style=\"width: 115px\" class=\"wp-caption alignleft\"><a href=\"https:\/\/i0.wp.com\/test.paper-point.de\/wp-content\/uploads\/2019\/08\/ezy-watermark_22-08-2019_15-16-30.jpg\" target=\"_blank\" rel=\"noopener\"><img data-recalc-dims=\"1\" loading=\"lazy\" decoding=\"async\" aria-describedby=\"caption-attachment-11809\" class=\"wp-image-11809 size-thumbnail\" src=\"https:\/\/i0.wp.com\/test.paper-point.de\/wp-content\/uploads\/2019\/08\/ezy-watermark_22-08-2019_15-16-30.jpg?resize=105%2C150\" alt=\"\" width=\"105\" height=\"150\" srcset=\"https:\/\/i0.wp.com\/paper-point.de\/wp-content\/uploads\/2019\/08\/ezy-watermark_22-08-2019_15-16-30.jpg?w=1119&amp;ssl=1 1119w, https:\/\/i0.wp.com\/paper-point.de\/wp-content\/uploads\/2019\/08\/ezy-watermark_22-08-2019_15-16-30.jpg?resize=600%2C858&amp;ssl=1 600w, https:\/\/i0.wp.com\/paper-point.de\/wp-content\/uploads\/2019\/08\/ezy-watermark_22-08-2019_15-16-30.jpg?resize=210%2C300&amp;ssl=1 210w, https:\/\/i0.wp.com\/paper-point.de\/wp-content\/uploads\/2019\/08\/ezy-watermark_22-08-2019_15-16-30.jpg?resize=716%2C1024&amp;ssl=1 716w, https:\/\/i0.wp.com\/paper-point.de\/wp-content\/uploads\/2019\/08\/ezy-watermark_22-08-2019_15-16-30.jpg?resize=768%2C1098&amp;ssl=1 768w, https:\/\/i0.wp.com\/paper-point.de\/wp-content\/uploads\/2019\/08\/ezy-watermark_22-08-2019_15-16-30.jpg?resize=1074%2C1536&amp;ssl=1 1074w, https:\/\/i0.wp.com\/paper-point.de\/wp-content\/uploads\/2019\/08\/ezy-watermark_22-08-2019_15-16-30.jpg?resize=619%2C885&amp;ssl=1 619w\" sizes=\"auto, (max-width: 105px) 100vw, 105px\" \/><\/a><p id=\"caption-attachment-11809\" class=\"wp-caption-text\">Hochzeit<\/p><\/div>\n<div id=\"attachment_11819\" style=\"width: 99px\" class=\"wp-caption alignleft\"><a href=\"https:\/\/i0.wp.com\/test.paper-point.de\/wp-content\/uploads\/2019\/08\/ezy-watermark_26-08-2019_13-59-16.jpg\"><img data-recalc-dims=\"1\" loading=\"lazy\" decoding=\"async\" aria-describedby=\"caption-attachment-11819\" class=\"wp-image-11819 size-thumbnail\" src=\"https:\/\/i0.wp.com\/test.paper-point.de\/wp-content\/uploads\/2019\/08\/ezy-watermark_26-08-2019_13-59-16.jpg?resize=89%2C150\" alt=\"\" width=\"89\" height=\"150\" srcset=\"https:\/\/i0.wp.com\/paper-point.de\/wp-content\/uploads\/2019\/08\/ezy-watermark_26-08-2019_13-59-16.jpg?w=944&amp;ssl=1 944w, https:\/\/i0.wp.com\/paper-point.de\/wp-content\/uploads\/2019\/08\/ezy-watermark_26-08-2019_13-59-16.jpg?resize=600%2C1017&amp;ssl=1 600w, https:\/\/i0.wp.com\/paper-point.de\/wp-content\/uploads\/2019\/08\/ezy-watermark_26-08-2019_13-59-16.jpg?resize=177%2C300&amp;ssl=1 177w, https:\/\/i0.wp.com\/paper-point.de\/wp-content\/uploads\/2019\/08\/ezy-watermark_26-08-2019_13-59-16.jpg?resize=604%2C1024&amp;ssl=1 604w, https:\/\/i0.wp.com\/paper-point.de\/wp-content\/uploads\/2019\/08\/ezy-watermark_26-08-2019_13-59-16.jpg?resize=768%2C1302&amp;ssl=1 768w, https:\/\/i0.wp.com\/paper-point.de\/wp-content\/uploads\/2019\/08\/ezy-watermark_26-08-2019_13-59-16.jpg?resize=906%2C1536&amp;ssl=1 906w, https:\/\/i0.wp.com\/paper-point.de\/wp-content\/uploads\/2019\/08\/ezy-watermark_26-08-2019_13-59-16.jpg?resize=619%2C1049&amp;ssl=1 619w\" sizes=\"auto, (max-width: 89px) 100vw, 89px\" \/><\/a><p id=\"caption-attachment-11819\" class=\"wp-caption-text\">Geburtstag<\/p><\/div>\n<p><strong><u>Miete Zubeh\u00f6r:<\/u><\/strong><\/p>\n<p><a href=\"https:\/\/i0.wp.com\/test.paper-point.de\/wp-content\/uploads\/2019\/07\/ezy-watermark_26-07-2019_13-27-19.jpg\" target=\"_blank\" rel=\"noopener\"><img data-recalc-dims=\"1\" loading=\"lazy\" decoding=\"async\" class=\"alignleft wp-image-11672 size-thumbnail\" src=\"https:\/\/i0.wp.com\/test.paper-point.de\/wp-content\/uploads\/2019\/07\/ezy-watermark_26-07-2019_13-27-19.jpg?resize=77%2C150\" alt=\"\" width=\"77\" height=\"150\" srcset=\"https:\/\/i0.wp.com\/paper-point.de\/wp-content\/uploads\/2019\/07\/ezy-watermark_26-07-2019_13-27-19.jpg?w=826&amp;ssl=1 826w, https:\/\/i0.wp.com\/paper-point.de\/wp-content\/uploads\/2019\/07\/ezy-watermark_26-07-2019_13-27-19.jpg?resize=600%2C1162&amp;ssl=1 600w, https:\/\/i0.wp.com\/paper-point.de\/wp-content\/uploads\/2019\/07\/ezy-watermark_26-07-2019_13-27-19.jpg?resize=155%2C300&amp;ssl=1 155w, https:\/\/i0.wp.com\/paper-point.de\/wp-content\/uploads\/2019\/07\/ezy-watermark_26-07-2019_13-27-19.jpg?resize=529%2C1024&amp;ssl=1 529w, https:\/\/i0.wp.com\/paper-point.de\/wp-content\/uploads\/2019\/07\/ezy-watermark_26-07-2019_13-27-19.jpg?resize=768%2C1487&amp;ssl=1 768w, https:\/\/i0.wp.com\/paper-point.de\/wp-content\/uploads\/2019\/07\/ezy-watermark_26-07-2019_13-27-19.jpg?resize=793%2C1536&amp;ssl=1 793w, https:\/\/i0.wp.com\/paper-point.de\/wp-content\/uploads\/2019\/07\/ezy-watermark_26-07-2019_13-27-19.jpg?resize=619%2C1198&amp;ssl=1 619w\" sizes=\"auto, (max-width: 77px) 100vw, 77px\" \/><\/a><\/p>\n<p>Candy-Glas hoch\/rund mit Deckel:<br \/>\n2,- \u20ac \/ St\u00fcck (2 St\u00fcck vorhanden)<br \/>\nGr\u00f6\u00dfe: \u2300 11 cm \/ H\u00f6he 22 cm<\/p>\n<p><a href=\"https:\/\/i0.wp.com\/test.paper-point.de\/wp-content\/uploads\/2019\/07\/ezy-watermark_26-07-2019_13-27-42.jpg\" target=\"_blank\" rel=\"noopener\"><img data-recalc-dims=\"1\" loading=\"lazy\" decoding=\"async\" class=\"alignleft wp-image-11674\" src=\"https:\/\/i0.wp.com\/test.paper-point.de\/wp-content\/uploads\/2019\/07\/ezy-watermark_26-07-2019_13-27-42.jpg?resize=77%2C132\" alt=\"\" width=\"77\" height=\"132\" srcset=\"https:\/\/i0.wp.com\/paper-point.de\/wp-content\/uploads\/2019\/07\/ezy-watermark_26-07-2019_13-27-42.jpg?w=936&amp;ssl=1 936w, https:\/\/i0.wp.com\/paper-point.de\/wp-content\/uploads\/2019\/07\/ezy-watermark_26-07-2019_13-27-42.jpg?resize=600%2C1025&amp;ssl=1 600w, https:\/\/i0.wp.com\/paper-point.de\/wp-content\/uploads\/2019\/07\/ezy-watermark_26-07-2019_13-27-42.jpg?resize=176%2C300&amp;ssl=1 176w, https:\/\/i0.wp.com\/paper-point.de\/wp-content\/uploads\/2019\/07\/ezy-watermark_26-07-2019_13-27-42.jpg?resize=599%2C1024&amp;ssl=1 599w, https:\/\/i0.wp.com\/paper-point.de\/wp-content\/uploads\/2019\/07\/ezy-watermark_26-07-2019_13-27-42.jpg?resize=768%2C1312&amp;ssl=1 768w, https:\/\/i0.wp.com\/paper-point.de\/wp-content\/uploads\/2019\/07\/ezy-watermark_26-07-2019_13-27-42.jpg?resize=899%2C1536&amp;ssl=1 899w, https:\/\/i0.wp.com\/paper-point.de\/wp-content\/uploads\/2019\/07\/ezy-watermark_26-07-2019_13-27-42.jpg?resize=619%2C1057&amp;ssl=1 619w\" sizes=\"auto, (max-width: 77px) 100vw, 77px\" \/><\/a><\/p>\n<p>Candy-Glas mittel\/rund mit Deckel:<br \/>\n1,50 \u20ac \/ St\u00fcck (2 St\u00fcck vorhanden)<br \/>\nGr\u00f6\u00dfe: \u2300 11 cm \/ H\u00f6he 18,5 cm<\/p>\n<p><a href=\"https:\/\/paperpointerzhausen.files.wordpress.com\/2019\/07\/ezy-watermark_26-07-2019_13-28-07.jpg\" target=\"_blank\" rel=\"noopener\"><img data-recalc-dims=\"1\" loading=\"lazy\" decoding=\"async\" class=\"alignleft wp-image-11675\" src=\"https:\/\/paperpointerzhausen.files.wordpress.com\/2019\/07\/ezy-watermark_26-07-2019_13-28-07.jpg?w=190&#038;resize=77%2C121\" alt=\"\" width=\"77\" height=\"121\" \/><\/a><\/p>\n<p>Candy-Glas klein\/rund mit Deckel:<br \/>\n1,- \u20ac \/ St\u00fcck (3 St\u00fcck vorhanden)<br \/>\nGr\u00f6\u00dfe: \u2300 7,5 cm \/ H\u00f6he 12,5 cm<\/p>\n<p><a href=\"https:\/\/i0.wp.com\/test.paper-point.de\/wp-content\/uploads\/2019\/07\/ezy-watermark_26-07-2019_13-26-34.jpg\" target=\"_blank\" rel=\"noopener\"><img data-recalc-dims=\"1\" loading=\"lazy\" decoding=\"async\" class=\"alignleft wp-image-11671\" src=\"https:\/\/i0.wp.com\/test.paper-point.de\/wp-content\/uploads\/2019\/07\/ezy-watermark_26-07-2019_13-26-34.jpg?resize=77%2C89\" alt=\"\" width=\"77\" height=\"89\" srcset=\"https:\/\/i0.wp.com\/paper-point.de\/wp-content\/uploads\/2019\/07\/ezy-watermark_26-07-2019_13-26-34.jpg?w=994&amp;ssl=1 994w, https:\/\/i0.wp.com\/paper-point.de\/wp-content\/uploads\/2019\/07\/ezy-watermark_26-07-2019_13-26-34.jpg?resize=600%2C697&amp;ssl=1 600w, https:\/\/i0.wp.com\/paper-point.de\/wp-content\/uploads\/2019\/07\/ezy-watermark_26-07-2019_13-26-34.jpg?resize=258%2C300&amp;ssl=1 258w, https:\/\/i0.wp.com\/paper-point.de\/wp-content\/uploads\/2019\/07\/ezy-watermark_26-07-2019_13-26-34.jpg?resize=882%2C1024&amp;ssl=1 882w, https:\/\/i0.wp.com\/paper-point.de\/wp-content\/uploads\/2019\/07\/ezy-watermark_26-07-2019_13-26-34.jpg?resize=768%2C892&amp;ssl=1 768w, https:\/\/i0.wp.com\/paper-point.de\/wp-content\/uploads\/2019\/07\/ezy-watermark_26-07-2019_13-26-34.jpg?resize=619%2C719&amp;ssl=1 619w\" sizes=\"auto, (max-width: 77px) 100vw, 77px\" \/><\/a><\/p>\n<p>Candy-Glas gro\u00df\/schr\u00e4g mit Deckel:<br \/>\n2,- \u20ac \/ St\u00fcck (2 St\u00fcck vorhanden)<br \/>\nGr\u00f6\u00dfe: Breite 12 cm \/ H\u00f6he 18 cm \/ Tiefe: 18 cm<\/p>\n<p><a href=\"https:\/\/paperpointerzhausen.files.wordpress.com\/2019\/07\/ezy-watermark_26-07-2019_13-27-01.jpg\" target=\"_blank\" rel=\"noopener\"><img data-recalc-dims=\"1\" loading=\"lazy\" decoding=\"async\" class=\"alignleft wp-image-11673\" src=\"https:\/\/paperpointerzhausen.files.wordpress.com\/2019\/07\/ezy-watermark_26-07-2019_13-27-01.jpg?w=300&#038;resize=77%2C69\" alt=\"\" width=\"77\" height=\"69\" \/><\/a><\/p>\n<p>Candy-Glas klein\/schr\u00e4g mit Deckel:<br \/>\n1,50 \u20ac \/ St\u00fcck (3 St\u00fcck vorhanden)<br \/>\nGr\u00f6\u00dfe: Breite 9 cm \/ H\u00f6he 12,5 cm \/ Tiefe: 12,5 cm<\/p>\n<p><a href=\"https:\/\/paperpointerzhausen.files.wordpress.com\/2019\/07\/ezy-watermark_26-07-2019_13-28-31.jpg\" target=\"_blank\" rel=\"noopener\"><img data-recalc-dims=\"1\" loading=\"lazy\" decoding=\"async\" class=\"alignleft wp-image-11678\" src=\"https:\/\/paperpointerzhausen.files.wordpress.com\/2019\/07\/ezy-watermark_26-07-2019_13-28-31.jpg?w=236&#038;resize=77%2C98\" alt=\"\" width=\"77\" height=\"98\" \/><\/a><br \/>\nCandy-Glas gro\u00df\/rund mit Deckel:<br \/>\n2,- \u20ac \/ St\u00fcck (1 St\u00fcck vorhanden)<br \/>\nGr\u00f6\u00dfe: \u2300 15 cm \/ H\u00f6he 17,5 cm<\/p>\n<p><a href=\"https:\/\/i0.wp.com\/test.paper-point.de\/wp-content\/uploads\/2019\/07\/ezy-watermark_26-07-2019_13-28-57.jpg\" target=\"_blank\" rel=\"noopener\"><img data-recalc-dims=\"1\" loading=\"lazy\" decoding=\"async\" class=\"alignleft wp-image-11679\" src=\"https:\/\/i0.wp.com\/test.paper-point.de\/wp-content\/uploads\/2019\/07\/ezy-watermark_26-07-2019_13-28-57.jpg?resize=77%2C88\" alt=\"\" width=\"77\" height=\"88\" srcset=\"https:\/\/i0.wp.com\/paper-point.de\/wp-content\/uploads\/2019\/07\/ezy-watermark_26-07-2019_13-28-57.jpg?w=1394&amp;ssl=1 1394w, https:\/\/i0.wp.com\/paper-point.de\/wp-content\/uploads\/2019\/07\/ezy-watermark_26-07-2019_13-28-57.jpg?resize=600%2C689&amp;ssl=1 600w, https:\/\/i0.wp.com\/paper-point.de\/wp-content\/uploads\/2019\/07\/ezy-watermark_26-07-2019_13-28-57.jpg?resize=261%2C300&amp;ssl=1 261w, https:\/\/i0.wp.com\/paper-point.de\/wp-content\/uploads\/2019\/07\/ezy-watermark_26-07-2019_13-28-57.jpg?resize=892%2C1024&amp;ssl=1 892w, https:\/\/i0.wp.com\/paper-point.de\/wp-content\/uploads\/2019\/07\/ezy-watermark_26-07-2019_13-28-57.jpg?resize=768%2C881&amp;ssl=1 768w, https:\/\/i0.wp.com\/paper-point.de\/wp-content\/uploads\/2019\/07\/ezy-watermark_26-07-2019_13-28-57.jpg?resize=1338%2C1536&amp;ssl=1 1338w, https:\/\/i0.wp.com\/paper-point.de\/wp-content\/uploads\/2019\/07\/ezy-watermark_26-07-2019_13-28-57.jpg?resize=619%2C710&amp;ssl=1 619w\" sizes=\"auto, (max-width: 77px) 100vw, 77px\" \/><\/a><\/p>\n<p>Candy-Glas mittel\/rund mit Herz-Deko:<br \/>\n1,50 \u20ac \/ St\u00fcck (2 St\u00fcck vorhanden)<br \/>\nGr\u00f6\u00dfe: \u2300 11 cm \/ H\u00f6he 10,5 cm<\/p>\n<p>1 Holzherz Mr&amp;Mrs mit kleinen Ablagen f\u00fcr Pralinen:<br \/>\n3,- \u20ac (1 St\u00fcck vorhanden)<\/p>\n<p>1 Holz-Leiterregal 55 x 25 x 30 cm mit zwei Ablagen (z.B. f\u00fcr Schachteln und T\u00fctchen):<br \/>\n5,- \u20ac (1 St\u00fcck vorhanden)<\/p>\n<p>1 Holz-Leiterregal (Ma\u00dfe folgen) mit drei Ablagen (z.B. f\u00fcr Schachteln und T\u00fctchen):<br \/>\n8,- \u20ac (1 St\u00fcck vorhanden)<\/p>\n<p>1 kleine Naturholzkiste:<br \/>\n2,- \/ St\u00fcck (1 St\u00fcck vorhanden)<\/p>\n<p>1 mittlere Naturholzkiste:<br \/>\n4,- \/ St\u00fcck (1 St\u00fcck vorhanden)<\/p>\n<p><a href=\"https:\/\/i0.wp.com\/test.paper-point.de\/wp-content\/uploads\/2019\/07\/ezy-watermark_26-07-2019_13-30-14.jpg\" target=\"_blank\" rel=\"noopener\"><img data-recalc-dims=\"1\" loading=\"lazy\" decoding=\"async\" class=\"alignleft wp-image-11676\" src=\"https:\/\/i0.wp.com\/test.paper-point.de\/wp-content\/uploads\/2019\/07\/ezy-watermark_26-07-2019_13-30-14.jpg?resize=77%2C89\" alt=\"\" width=\"77\" height=\"89\" srcset=\"https:\/\/i0.wp.com\/paper-point.de\/wp-content\/uploads\/2019\/07\/ezy-watermark_26-07-2019_13-30-14.jpg?w=1390&amp;ssl=1 1390w, https:\/\/i0.wp.com\/paper-point.de\/wp-content\/uploads\/2019\/07\/ezy-watermark_26-07-2019_13-30-14.jpg?resize=600%2C691&amp;ssl=1 600w, https:\/\/i0.wp.com\/paper-point.de\/wp-content\/uploads\/2019\/07\/ezy-watermark_26-07-2019_13-30-14.jpg?resize=261%2C300&amp;ssl=1 261w, https:\/\/i0.wp.com\/paper-point.de\/wp-content\/uploads\/2019\/07\/ezy-watermark_26-07-2019_13-30-14.jpg?resize=890%2C1024&amp;ssl=1 890w, https:\/\/i0.wp.com\/paper-point.de\/wp-content\/uploads\/2019\/07\/ezy-watermark_26-07-2019_13-30-14.jpg?resize=768%2C884&amp;ssl=1 768w, https:\/\/i0.wp.com\/paper-point.de\/wp-content\/uploads\/2019\/07\/ezy-watermark_26-07-2019_13-30-14.jpg?resize=1334%2C1536&amp;ssl=1 1334w, https:\/\/i0.wp.com\/paper-point.de\/wp-content\/uploads\/2019\/07\/ezy-watermark_26-07-2019_13-30-14.jpg?resize=619%2C713&amp;ssl=1 619w\" sizes=\"auto, (max-width: 77px) 100vw, 77px\" \/><\/a><\/p>\n<p>3 Candy-Zangen: 2,- \u20ac \/ Set (2 Sets vorhanden)<br \/>\nGr\u00f6\u00dfe: 11 cm<\/p>\n<p><a href=\"https:\/\/i0.wp.com\/test.paper-point.de\/wp-content\/uploads\/2019\/07\/ezy-watermark_26-07-2019_13-29-55.jpg\" target=\"_blank\" rel=\"noopener\"><img data-recalc-dims=\"1\" loading=\"lazy\" decoding=\"async\" class=\"alignleft wp-image-11677\" src=\"https:\/\/i0.wp.com\/test.paper-point.de\/wp-content\/uploads\/2019\/07\/ezy-watermark_26-07-2019_13-29-55.jpg?resize=77%2C68\" alt=\"\" width=\"77\" height=\"68\" srcset=\"https:\/\/i0.wp.com\/paper-point.de\/wp-content\/uploads\/2019\/07\/ezy-watermark_26-07-2019_13-29-55.jpg?w=1600&amp;ssl=1 1600w, https:\/\/i0.wp.com\/paper-point.de\/wp-content\/uploads\/2019\/07\/ezy-watermark_26-07-2019_13-29-55.jpg?resize=600%2C527&amp;ssl=1 600w, https:\/\/i0.wp.com\/paper-point.de\/wp-content\/uploads\/2019\/07\/ezy-watermark_26-07-2019_13-29-55.jpg?resize=300%2C263&amp;ssl=1 300w, https:\/\/i0.wp.com\/paper-point.de\/wp-content\/uploads\/2019\/07\/ezy-watermark_26-07-2019_13-29-55.jpg?resize=1024%2C899&amp;ssl=1 1024w, https:\/\/i0.wp.com\/paper-point.de\/wp-content\/uploads\/2019\/07\/ezy-watermark_26-07-2019_13-29-55.jpg?resize=768%2C674&amp;ssl=1 768w, https:\/\/i0.wp.com\/paper-point.de\/wp-content\/uploads\/2019\/07\/ezy-watermark_26-07-2019_13-29-55.jpg?resize=1536%2C1349&amp;ssl=1 1536w, https:\/\/i0.wp.com\/paper-point.de\/wp-content\/uploads\/2019\/07\/ezy-watermark_26-07-2019_13-29-55.jpg?resize=619%2C544&amp;ssl=1 619w, https:\/\/i0.wp.com\/paper-point.de\/wp-content\/uploads\/2019\/07\/ezy-watermark_26-07-2019_13-29-55.jpg?w=1320&amp;ssl=1 1320w\" sizes=\"auto, (max-width: 77px) 100vw, 77px\" \/><\/a><br \/>\n4 Candy-Sch\u00e4ufelchen: 2,- \u20ac \/ Set (2 Sets vorhanden)<br \/>\nGr\u00f6\u00dfe: 11 cm<\/p>\n<p><strong><u>Individuelle Dekoration, von mir liebevoll in Handarbeit gestaltet:<\/u><\/strong><\/p>\n<p>Girlande: je F\u00e4hnchen bzw. Buchstabe: ab 1,- \u20ac<\/p>\n<p>Pommes-Schachtel: ab je 0,50 \u20ac<\/p>\n<p>Popcorn-Schachtel: ab je 0,50 \u20ac<\/p>\n<p>Weitere Dekoration und Zubeh\u00f6r auf Anfrage.<\/p>\n<p>Das Sortiment wird st\u00e4ndig erweitert. Schau doch einfach mal wieder vorbei.<\/p>\n<p>F\u00fcr <strong>Terminanfragen<\/strong> stehe ich gerne per Mail zur Verf\u00fcgung. Ich melde mich dann schnellstm\u00f6glich.<\/p>\n","protected":false},"excerpt":{"rendered":"<p>Wie w\u00e4re es mit einem s\u00fc\u00dfen Leckereien-Buffet als Highlight f\u00fcr die n\u00e4chste Party oder Veranstaltung? Hochzeit, Geburtstag, Sommerparty, Babyparty, Messestand&#8230; Gelegenheiten gibt es viele&#8230; Alles f\u00fcr eine Candy-Bar findest Du hier im Verleih (Anfrage-Formular am Ende der Seite): Miete Candy-Bar: Mietkosten (ohne Dekoration): 50,- \u20ac \/ pro Veranstaltung bei Selbstabholung und Selbstaufbau (Aufbau, Veranstaltung, Abbau [&hellip;]<\/p>\n","protected":false},"author":2,"featured_media":0,"parent":0,"menu_order":4,"comment_status":"closed","ping_status":"closed","template":"","meta":{"footnotes":""},"class_list":["post-10915","page","type-page","status-publish","hentry"],"jetpack-related-posts":[],"jetpack_sharing_enabled":true,"_links":{"self":[{"href":"https:\/\/paper-point.de\/index.php?rest_route=\/wp\/v2\/pages\/10915","targetHints":{"allow":["GET"]}}],"collection":[{"href":"https:\/\/paper-point.de\/index.php?rest_route=\/wp\/v2\/pages"}],"about":[{"href":"https:\/\/paper-point.de\/index.php?rest_route=\/wp\/v2\/types\/page"}],"author":[{"embeddable":true,"href":"https:\/\/paper-point.de\/index.php?rest_route=\/wp\/v2\/users\/2"}],"replies":[{"embeddable":true,"href":"https:\/\/paper-point.de\/index.php?rest_route=%2Fwp%2Fv2%2Fcomments&post=10915"}],"version-history":[{"count":3,"href":"https:\/\/paper-point.de\/index.php?rest_route=\/wp\/v2\/pages\/10915\/revisions"}],"predecessor-version":[{"id":15456,"href":"https:\/\/paper-point.de\/index.php?rest_route=\/wp\/v2\/pages\/10915\/revisions\/15456"}],"wp:attachment":[{"href":"https:\/\/paper-point.de\/index.php?rest_route=%2Fwp%2Fv2%2Fmedia&parent=10915"}],"curies":[{"name":"wp","href":"https:\/\/api.w.org\/{rel}","templated":true}]}}