{"id":16,"date":"2014-03-04T00:44:07","date_gmt":"2014-03-03T22:44:07","guid":{"rendered":"http:\/\/paperpointerzhausen.wordpress.com\/?page_id=16"},"modified":"2025-03-05T11:19:45","modified_gmt":"2025-03-05T10:19:45","slug":"workshops","status":"publish","type":"page","link":"https:\/\/paper-point.de\/?page_id=16","title":{"rendered":"Workshops"},"content":{"rendered":"<p><span style=\"caret-color: #ff0000;\"><b>Coming soon&#8230;<\/b><\/span><\/p>\n<ul>\n<li>Workshop &#8222;Maritim&#8220;<\/li>\n<li>Workshop &#8222;Explosionsbox&#8220;<\/li>\n<li>Workshop &#8222;Stampin&#8216; Up! meets Thermomix&#8220;<\/li>\n<\/ul>\n<p>Wer m\u00f6chte gerne basteln, hat aber weder das Material, noch Platz, noch die passende Idee?\u00a0Ich biete Kreativ-Workshops mit wechselnden Themen an, in denen die angek\u00fcndigten Projekte leicht verst\u00e4ndlich erkl\u00e4rt und komplett fertig gestellt werden. In den Workshops wird mit den tollen Materialien von Stampin&#8216; Up! gearbeitet (Stempel, Stanzen, farbige Stempelkissen, Farbkarton, diverses Zubeh\u00f6r). Es sind keine Vorkenntnisse erforderlich!<\/p>\n<ul>\n<li>Die Kosten beinhalten die Workshop-Geb\u00fchr, das komplette Material sowie Getr\u00e4nke (Wasser, Limonade).<\/li>\n<li>Jeder Teilnehmer erh\u00e4lt ein kleines Begr\u00fc\u00dfungsgeschenk!<\/li>\n<li>Anmeldung bitte per Telefon oder Mail.<\/li>\n<li>Max. Teilnehmerzahl: 6 Personen pro Workshop (nach Absprache auch bis max. 8 Personen)<\/li>\n<li>Kreativ-Workshops in Zusammenarbeit mit Thermomix finden ab mindestens 3 angemeldeten Teilnehmern statt.<\/li>\n<li>Zus\u00e4tzliches Kreativ-Material kann auf Bestellung erworben werden.<\/li>\n<\/ul>\n<div>\n<div>\n<div><\/div>\n<p>&#8212;&#8212;&#8212;&#8212;&#8212;&#8212;&#8212;&#8212;&#8212;&#8212;&#8212;&#8212;&#8212;&#8212;-<\/p>\n<p><strong>Freitag<\/strong><b>, 07.03.2025<br \/>\nKreativ-Workshop \u201eFr\u00fchling \/ Ostern \/ Gl\u00fcckw\u00fcnsche\u201c<br \/>\n<\/b>18.30 &#8211; 20.30 Uhr<br \/>\nKosten: 12,- \u20ac \/ Pers.<br \/>\n(noch 4 freie Pl\u00e4tze)<\/p>\n<p><strong>&#8212;&#8212;&#8212;&#8212;&#8212;&#8212;&#8212;&#8212;&#8212;&#8212;&#8212;&#8212;&#8212;&#8212;-<\/strong><\/p>\n<p><strong>Donnerstag<\/strong><b>, 20.03.2025<br \/>\nKreativ-Workshop \u201eFr\u00fchling \/ Ostern \/ Gl\u00fcckw\u00fcnsche\u201c<br \/>\n<\/b>18.30 &#8211; 20.30 Uhr<br \/>\nKosten: 12,- \u20ac \/ Pers.<br \/>\n(private Workshop-Buchung)<\/p>\n<p>&#8212;&#8212;&#8212;&#8212;&#8212;&#8212;&#8212;&#8212;&#8212;&#8212;&#8212;&#8212;&#8212;&#8212;-<\/p>\n<\/div>\n<div>\n<p><strong style=\"font-size: revert;\"><u>Anmeldungen nehme ich gerne per Mail entgegen:<\/u><\/strong><\/p>\n<\/div>\n<\/div>\n<div>\n<div>\n<p><strong>Ich freue mich auf sch\u00f6ne kreative Abende!<\/strong><\/p>\n<p><strong>Weitere Termine auf Anfrage&#8230;<\/strong><\/p>\n<\/div>\n<p><b>Ab 3 Personen k\u00f6nnen wir gerne auch einen eigenen Termin vereinbaren.<\/b><\/p>\n<p><strong>Oder schlag doch einfach selbst mal einen Termin vor&#8230;<br \/>\nIch komme auch gerne zu Dir nach Hause. Es kann sich lohnen&#8230;<\/strong><\/p>\n<p><strong>Sie m\u00f6chten eine Teilnahme am Workshop oder Bastelartikel verschenken?<br \/>\nGutscheine und Material hierf\u00fcr sind bei mir erh\u00e4ltlich bzw. bestellbar.<\/strong><\/p>\n<\/div>\n","protected":false},"excerpt":{"rendered":"<p>Coming soon&#8230; Workshop &#8222;Maritim&#8220; Workshop &#8222;Explosionsbox&#8220; Workshop &#8222;Stampin&#8216; Up! meets Thermomix&#8220; Wer m\u00f6chte gerne basteln, hat aber weder das Material, noch Platz, noch die passende Idee?\u00a0Ich biete Kreativ-Workshops mit wechselnden Themen an, in denen die angek\u00fcndigten Projekte leicht verst\u00e4ndlich erkl\u00e4rt und komplett fertig gestellt werden. In den Workshops wird mit den tollen Materialien von Stampin&#8216; [&hellip;]<\/p>\n","protected":false},"author":2,"featured_media":0,"parent":0,"menu_order":3,"comment_status":"closed","ping_status":"closed","template":"page-full-width.php","meta":{"footnotes":""},"class_list":["post-16","page","type-page","status-publish","hentry"],"jetpack-related-posts":[],"jetpack_sharing_enabled":false,"_links":{"self":[{"href":"https:\/\/paper-point.de\/index.php?rest_route=\/wp\/v2\/pages\/16","targetHints":{"allow":["GET"]}}],"collection":[{"href":"https:\/\/paper-point.de\/index.php?rest_route=\/wp\/v2\/pages"}],"about":[{"href":"https:\/\/paper-point.de\/index.php?rest_route=\/wp\/v2\/types\/page"}],"author":[{"embeddable":true,"href":"https:\/\/paper-point.de\/index.php?rest_route=\/wp\/v2\/users\/2"}],"replies":[{"embeddable":true,"href":"https:\/\/paper-point.de\/index.php?rest_route=%2Fwp%2Fv2%2Fcomments&post=16"}],"version-history":[{"count":34,"href":"https:\/\/paper-point.de\/index.php?rest_route=\/wp\/v2\/pages\/16\/revisions"}],"predecessor-version":[{"id":15721,"href":"https:\/\/paper-point.de\/index.php?rest_route=\/wp\/v2\/pages\/16\/revisions\/15721"}],"wp:attachment":[{"href":"https:\/\/paper-point.de\/index.php?rest_route=%2Fwp%2Fv2%2Fmedia&parent=16"}],"curies":[{"name":"wp","href":"https:\/\/api.w.org\/{rel}","templated":true}]}}