{"id":7,"date":"2014-03-03T21:20:19","date_gmt":"2014-03-03T19:20:19","guid":{"rendered":"http:\/\/paperpointerzhausen.wordpress.com\/?page_id=1"},"modified":"2022-03-14T09:47:16","modified_gmt":"2022-03-14T08:47:16","slug":"eine-seite","status":"publish","type":"page","link":"https:\/\/paper-point.de\/?page_id=7","title":{"rendered":"\u00dcber mich"},"content":{"rendered":"<h1><strong>Willkommen auf meiner Webseite<\/strong><\/h1>\n<p>Ich hei\u00dfe Silke Heidler, komme aus Erzhausen (bei Darmstadt) und bin seit Oktober 2013 unabh\u00e4ngige Stampin&#8216; Up! Demonstratorin. Ich bin schon ganz gespannt, was wir gemeinsam schneiden, stanzen, stempeln, kleben, verzieren und kreieren werden, aber seht selbst&#8230;<\/p>\n<p>&#8222;Silke hat schon immer gebastelt!&#8220; So w\u00fcrde das zumindest meine Oma sagen, und die kennt mich nun wirklich schon sehr lange! (Meine Oma ist leider im Juli 2021 verstorben.) Seit ich wei\u00df, was Schere und Papier ist, habe ich geschnippelt. Und immer gaaaanz viel Klebeband verklebt! Ich habe schon mit vielen Materialien gearbeitet und gewerkelt, aber ich bin immer wieder auf die &#8222;Grundmaterialien&#8220; zur\u00fcck gekommen. Seit einigen Jahren bastle ich ganz begeistert Karten. Am liebsten zusammen mit meiner besten Freundin, die aber zur Zeit so weit weg wohnt, dass wir gar nicht mehr so oft gemeinsam basteln k\u00f6nnen! Das fehlt mir total!!!<\/p>\n<p>Vor einiger Zeit habe ich dann die tollen Produkte von Stampin&#8216; Up! kennengelernt. Hier passt alles so sch\u00f6n zusammen. Es macht einfach Spa\u00df, sch\u00f6ne Dinge wie Karten, Geschenke und kleine Dekorationen zu gestalten&#8230;!<\/p>\n<p>Vielleicht hast Du ja Lust, auch mal etwas Sch\u00f6nes aus Papier herzustellen? Aber es fehlen die Ideen, das Material, der Platz?<\/p>\n<p>Ich biete Workshops mit wechselnden Themen an, in denen die angek\u00fcndigten Projekte leicht verst\u00e4ndlich erkl\u00e4rt und komplett zum Mit-nach-Hause-nehmen fertig gestellt werden. N\u00e4heres hierzu auf meiner Workshop-Seite.<\/p>\n<p>Gerne \u00fcbernehme ich auch Auftragsarbeiten, z.B. f\u00fcr Familienfeiern, Veranstaltungen usw.<\/p>\n<p>Und nun viel Spa\u00df beim Durchst\u00f6bern meiner Seite \ud83d\ude00<\/p>\n","protected":false},"excerpt":{"rendered":"<p>Willkommen auf meiner Webseite Ich hei\u00dfe Silke Heidler, komme aus Erzhausen (bei Darmstadt) und bin seit Oktober 2013 unabh\u00e4ngige Stampin&#8216; Up! Demonstratorin. Ich bin schon ganz gespannt, was wir gemeinsam schneiden, stanzen, stempeln, kleben, verzieren und kreieren werden, aber seht selbst&#8230; &#8222;Silke hat schon immer gebastelt!&#8220; So w\u00fcrde das zumindest meine Oma sagen, und die [&hellip;]<\/p>\n","protected":false},"author":2,"featured_media":0,"parent":0,"menu_order":1,"comment_status":"closed","ping_status":"closed","template":"page-full-width.php","meta":{"footnotes":""},"class_list":["post-7","page","type-page","status-publish","hentry"],"jetpack-related-posts":[],"jetpack_sharing_enabled":false,"_links":{"self":[{"href":"https:\/\/paper-point.de\/index.php?rest_route=\/wp\/v2\/pages\/7","targetHints":{"allow":["GET"]}}],"collection":[{"href":"https:\/\/paper-point.de\/index.php?rest_route=\/wp\/v2\/pages"}],"about":[{"href":"https:\/\/paper-point.de\/index.php?rest_route=\/wp\/v2\/types\/page"}],"author":[{"embeddable":true,"href":"https:\/\/paper-point.de\/index.php?rest_route=\/wp\/v2\/users\/2"}],"replies":[{"embeddable":true,"href":"https:\/\/paper-point.de\/index.php?rest_route=%2Fwp%2Fv2%2Fcomments&post=7"}],"version-history":[{"count":2,"href":"https:\/\/paper-point.de\/index.php?rest_route=\/wp\/v2\/pages\/7\/revisions"}],"predecessor-version":[{"id":15227,"href":"https:\/\/paper-point.de\/index.php?rest_route=\/wp\/v2\/pages\/7\/revisions\/15227"}],"wp:attachment":[{"href":"https:\/\/paper-point.de\/index.php?rest_route=%2Fwp%2Fv2%2Fmedia&parent=7"}],"curies":[{"name":"wp","href":"https:\/\/api.w.org\/{rel}","templated":true}]}}